{"id":329,"date":"2018-04-16T12:58:07","date_gmt":"2018-04-16T12:58:07","guid":{"rendered":"http:\/\/naplescsc2018.wpengine.com\/medspa\/?page_id=329"},"modified":"2024-04-19T05:16:54","modified_gmt":"2024-04-19T05:16:54","slug":"spa-packages","status":"publish","type":"page","link":"https:\/\/www.naples-csc.com\/medspa\/spa-packages\/","title":{"rendered":"Spa Packages"},"content":{"rendered":"<ul>\n<li>Purchase a package of 3 of the following treatments and get 10% off or<\/li>\n<li>Purchase a package of 6 and get 20% off:<\/li>\n<li>Sciton Laser<\/li>\n<li>Fraxel Laser<\/li>\n<li>Microneedling<\/li>\n<\/ul>\n<h3>Combo packages available:<\/h3>\n<p><strong>D\u00e9collet\u00e9 Rejuvenation Treatment -$1000<\/strong><\/p>\n<p>Begin this treatment with d\u00e9collet\u00e9 Ultheraphy to tighten and smooth the skin, and remove fine lines and wrinkles. Finish off this treatment with the Sciton Board Band Light Laser to diminish sun damage and brown spots.<\/p>\n<p><strong>Forever Young Face- $550\u00a0\u00a0<\/strong><\/p>\n<p>This treatment begins with 3 passes of our Sciton BroadBand Light Laser to remove sun\/ age spots and follow up within a week a dermaplaning treatment to reveal new younger-looking skin.<\/p>\n<p><strong>Face, Neck and Chest &#8211; $1000 Package<\/strong><\/p>\n<p>This treatment begins with 3 passes of our Sciton BroadBand Light Laser to remove sun\/ age spots and follow up within a week a dermaplaning treatment to reveal new younger-looking skin.<\/p>\n<p><strong>Youthful hand package<\/strong><\/p>\n<p>This treatment plumps the hands with Restalyne Lyft, evens out skin tone with the Sciton BBl and or resurface them with Fraxel laser. Inquiry about a quote, as each person has different needs.<\/p>\n","protected":false},"excerpt":{"rendered":"<p>Purchase a package of 3 of the following treatments and get 10% off or Purchase a package of 6 and get 20% off: Sciton Laser Fraxel Laser Microneedling Combo packages available: D\u00e9collet\u00e9 Rejuvenation Treatment -$1000 Begin this treatment with d\u00e9collet\u00e9 Ultheraphy to tighten and smooth the skin, and remove fine lines and wrinkles. Finish off [&hellip;]<\/p>\n","protected":false},"author":28,"featured_media":3195,"parent":0,"menu_order":0,"comment_status":"closed","ping_status":"closed","template":"","meta":{"site-sidebar-layout":"right-sidebar","site-content-layout":"default","ast-site-content-layout":"default","site-content-style":"default","site-sidebar-style":"default","ast-global-header-display":"","ast-banner-title-visibility":"","ast-main-header-display":"","ast-hfb-above-header-display":"","ast-hfb-below-header-display":"","ast-hfb-mobile-header-display":"","site-post-title":"","ast-breadcrumbs-content":"","ast-featured-img":"","footer-sml-layout":"","theme-transparent-header-meta":"default","adv-header-id-meta":"3268","stick-header-meta":"default","header-above-stick-meta":"","header-main-stick-meta":"","header-below-stick-meta":"","astra-migrate-meta-layouts":"set","ast-page-background-enabled":"default","ast-page-background-meta":{"desktop":{"background-color":"","background-image":"","background-repeat":"repeat","background-position":"center center","background-size":"auto","background-attachment":"scroll","background-type":"","background-media":"","overlay-type":"","overlay-color":"","overlay-opacity":"","overlay-gradient":""},"tablet":{"background-color":"","background-image":"","background-repeat":"repeat","background-position":"center center","background-size":"auto","background-attachment":"scroll","background-type":"","background-media":"","overlay-type":"","overlay-color":"","overlay-opacity":"","overlay-gradient":""},"mobile":{"background-color":"","background-image":"","background-repeat":"repeat","background-position":"center center","background-size":"auto","background-attachment":"scroll","background-type":"","background-media":"","overlay-type":"","overlay-color":"","overlay-opacity":"","overlay-gradient":""}},"ast-content-background-meta":{"desktop":{"background-color":"var(--ast-global-color-5)","background-image":"","background-repeat":"repeat","background-position":"center center","background-size":"auto","background-attachment":"scroll","background-type":"","background-media":"","overlay-type":"","overlay-color":"","overlay-opacity":"","overlay-gradient":""},"tablet":{"background-color":"var(--ast-global-color-5)","background-image":"","background-repeat":"repeat","background-position":"center center","background-size":"auto","background-attachment":"scroll","background-type":"","background-media":"","overlay-type":"","overlay-color":"","overlay-opacity":"","overlay-gradient":""},"mobile":{"background-color":"var(--ast-global-color-5)","background-image":"","background-repeat":"repeat","background-position":"center center","background-size":"auto","background-attachment":"scroll","background-type":"","background-media":"","overlay-type":"","overlay-color":"","overlay-opacity":"","overlay-gradient":""}},"footnotes":""},"class_list":["post-329","page","type-page","status-publish","has-post-thumbnail","hentry"],"yoast_head":"<!-- This site is optimized with the Yoast SEO plugin v27.2 - https:\/\/yoast.com\/product\/yoast-seo-wordpress\/ -->\n<title>Spa Packages - Naples Med Spa<\/title>\n<meta name=\"description\" content=\"Indulge in rejuvenating spa experiences tailored to enhance your beauty and well-being at Naples Cosmetic Surgery Center in Naples, FL.\" \/>\n<meta name=\"robots\" content=\"index, follow, max-snippet:-1, max-image-preview:large, max-video-preview:-1\" \/>\n<link rel=\"canonical\" href=\"https:\/\/www.naples-csc.com\/medspa\/spa-packages\/\" \/>\n<meta property=\"og:locale\" content=\"en_US\" \/>\n<meta property=\"og:type\" content=\"article\" \/>\n<meta property=\"og:title\" content=\"Spa Packages - Naples Med Spa\" \/>\n<meta property=\"og:description\" content=\"Indulge in rejuvenating spa experiences tailored to enhance your beauty and well-being at Naples Cosmetic Surgery Center in Naples, FL.\" \/>\n<meta property=\"og:url\" content=\"https:\/\/www.naples-csc.com\/medspa\/spa-packages\/\" \/>\n<meta property=\"og:site_name\" content=\"Naples Med Spa\" \/>\n<meta property=\"article:modified_time\" content=\"2024-04-19T05:16:54+00:00\" \/>\n<meta property=\"og:image\" content=\"https:\/\/www.naples-csc.com\/medspa\/wp-content\/uploads\/sites\/3\/2019\/11\/635924902_1230x300.jpg\" \/>\n\t<meta property=\"og:image:width\" content=\"1230\" \/>\n\t<meta property=\"og:image:height\" content=\"300\" \/>\n\t<meta property=\"og:image:type\" content=\"image\/jpeg\" \/>\n<meta name=\"twitter:card\" content=\"summary_large_image\" \/>\n<meta name=\"twitter:label1\" content=\"Est. reading time\" \/>\n\t<meta name=\"twitter:data1\" content=\"1 minute\" \/>\n<script type=\"application\/ld+json\" class=\"yoast-schema-graph\">{\"@context\":\"https:\/\/schema.org\",\"@graph\":[{\"@type\":\"WebPage\",\"@id\":\"https:\/\/www.naples-csc.com\/medspa\/spa-packages\/\",\"url\":\"https:\/\/www.naples-csc.com\/medspa\/spa-packages\/\",\"name\":\"Spa Packages - Naples Med Spa\",\"isPartOf\":{\"@id\":\"https:\/\/www.naples-csc.com\/medspa\/#website\"},\"primaryImageOfPage\":{\"@id\":\"https:\/\/www.naples-csc.com\/medspa\/spa-packages\/#primaryimage\"},\"image\":{\"@id\":\"https:\/\/www.naples-csc.com\/medspa\/spa-packages\/#primaryimage\"},\"thumbnailUrl\":\"https:\/\/www.naples-csc.com\/medspa\/wp-content\/uploads\/sites\/3\/2019\/11\/635924902_1230x300.jpg\",\"datePublished\":\"2018-04-16T12:58:07+00:00\",\"dateModified\":\"2024-04-19T05:16:54+00:00\",\"description\":\"Indulge in rejuvenating spa experiences tailored to enhance your beauty and well-being at Naples Cosmetic Surgery Center in Naples, FL.\",\"breadcrumb\":{\"@id\":\"https:\/\/www.naples-csc.com\/medspa\/spa-packages\/#breadcrumb\"},\"inLanguage\":\"en-US\",\"potentialAction\":[{\"@type\":\"ReadAction\",\"target\":[\"https:\/\/www.naples-csc.com\/medspa\/spa-packages\/\"]}]},{\"@type\":\"ImageObject\",\"inLanguage\":\"en-US\",\"@id\":\"https:\/\/www.naples-csc.com\/medspa\/spa-packages\/#primaryimage\",\"url\":\"https:\/\/www.naples-csc.com\/medspa\/wp-content\/uploads\/sites\/3\/2019\/11\/635924902_1230x300.jpg\",\"contentUrl\":\"https:\/\/www.naples-csc.com\/medspa\/wp-content\/uploads\/sites\/3\/2019\/11\/635924902_1230x300.jpg\",\"width\":1230,\"height\":300},{\"@type\":\"BreadcrumbList\",\"@id\":\"https:\/\/www.naples-csc.com\/medspa\/spa-packages\/#breadcrumb\",\"itemListElement\":[{\"@type\":\"ListItem\",\"position\":1,\"name\":\"Home\",\"item\":\"https:\/\/www.naples-csc.com\/medspa\/\"},{\"@type\":\"ListItem\",\"position\":2,\"name\":\"Spa Packages\"}]},{\"@type\":\"WebSite\",\"@id\":\"https:\/\/www.naples-csc.com\/medspa\/#website\",\"url\":\"https:\/\/www.naples-csc.com\/medspa\/\",\"name\":\"Naples Med Spa\",\"description\":\"\",\"publisher\":{\"@id\":\"https:\/\/www.naples-csc.com\/medspa\/#organization\"},\"potentialAction\":[{\"@type\":\"SearchAction\",\"target\":{\"@type\":\"EntryPoint\",\"urlTemplate\":\"https:\/\/www.naples-csc.com\/medspa\/?s={search_term_string}\"},\"query-input\":{\"@type\":\"PropertyValueSpecification\",\"valueRequired\":true,\"valueName\":\"search_term_string\"}}],\"inLanguage\":\"en-US\"},{\"@type\":\"Organization\",\"@id\":\"https:\/\/www.naples-csc.com\/medspa\/#organization\",\"name\":\"Naples Med Spa\",\"url\":\"https:\/\/www.naples-csc.com\/medspa\/\",\"logo\":{\"@type\":\"ImageObject\",\"inLanguage\":\"en-US\",\"@id\":\"https:\/\/www.naples-csc.com\/medspa\/#\/schema\/logo\/image\/\",\"url\":\"https:\/\/www.naples-csc.com\/medspa\/wp-content\/uploads\/sites\/3\/2022\/12\/naples-logo.png\",\"contentUrl\":\"https:\/\/www.naples-csc.com\/medspa\/wp-content\/uploads\/sites\/3\/2022\/12\/naples-logo.png\",\"width\":319,\"height\":100,\"caption\":\"Naples Med Spa\"},\"image\":{\"@id\":\"https:\/\/www.naples-csc.com\/medspa\/#\/schema\/logo\/image\/\"}}]}<\/script>\n<!-- \/ Yoast SEO plugin. -->","yoast_head_json":{"title":"Spa Packages - Naples Med Spa","description":"Indulge in rejuvenating spa experiences tailored to enhance your beauty and well-being at Naples Cosmetic Surgery Center in Naples, FL.","robots":{"index":"index","follow":"follow","max-snippet":"max-snippet:-1","max-image-preview":"max-image-preview:large","max-video-preview":"max-video-preview:-1"},"canonical":"https:\/\/www.naples-csc.com\/medspa\/spa-packages\/","og_locale":"en_US","og_type":"article","og_title":"Spa Packages - Naples Med Spa","og_description":"Indulge in rejuvenating spa experiences tailored to enhance your beauty and well-being at Naples Cosmetic Surgery Center in Naples, FL.","og_url":"https:\/\/www.naples-csc.com\/medspa\/spa-packages\/","og_site_name":"Naples Med Spa","article_modified_time":"2024-04-19T05:16:54+00:00","og_image":[{"width":1230,"height":300,"url":"https:\/\/www.naples-csc.com\/medspa\/wp-content\/uploads\/sites\/3\/2019\/11\/635924902_1230x300.jpg","type":"image\/jpeg"}],"twitter_card":"summary_large_image","twitter_misc":{"Est. reading time":"1 minute"},"schema":{"@context":"https:\/\/schema.org","@graph":[{"@type":"WebPage","@id":"https:\/\/www.naples-csc.com\/medspa\/spa-packages\/","url":"https:\/\/www.naples-csc.com\/medspa\/spa-packages\/","name":"Spa Packages - Naples Med Spa","isPartOf":{"@id":"https:\/\/www.naples-csc.com\/medspa\/#website"},"primaryImageOfPage":{"@id":"https:\/\/www.naples-csc.com\/medspa\/spa-packages\/#primaryimage"},"image":{"@id":"https:\/\/www.naples-csc.com\/medspa\/spa-packages\/#primaryimage"},"thumbnailUrl":"https:\/\/www.naples-csc.com\/medspa\/wp-content\/uploads\/sites\/3\/2019\/11\/635924902_1230x300.jpg","datePublished":"2018-04-16T12:58:07+00:00","dateModified":"2024-04-19T05:16:54+00:00","description":"Indulge in rejuvenating spa experiences tailored to enhance your beauty and well-being at Naples Cosmetic Surgery Center in Naples, FL.","breadcrumb":{"@id":"https:\/\/www.naples-csc.com\/medspa\/spa-packages\/#breadcrumb"},"inLanguage":"en-US","potentialAction":[{"@type":"ReadAction","target":["https:\/\/www.naples-csc.com\/medspa\/spa-packages\/"]}]},{"@type":"ImageObject","inLanguage":"en-US","@id":"https:\/\/www.naples-csc.com\/medspa\/spa-packages\/#primaryimage","url":"https:\/\/www.naples-csc.com\/medspa\/wp-content\/uploads\/sites\/3\/2019\/11\/635924902_1230x300.jpg","contentUrl":"https:\/\/www.naples-csc.com\/medspa\/wp-content\/uploads\/sites\/3\/2019\/11\/635924902_1230x300.jpg","width":1230,"height":300},{"@type":"BreadcrumbList","@id":"https:\/\/www.naples-csc.com\/medspa\/spa-packages\/#breadcrumb","itemListElement":[{"@type":"ListItem","position":1,"name":"Home","item":"https:\/\/www.naples-csc.com\/medspa\/"},{"@type":"ListItem","position":2,"name":"Spa Packages"}]},{"@type":"WebSite","@id":"https:\/\/www.naples-csc.com\/medspa\/#website","url":"https:\/\/www.naples-csc.com\/medspa\/","name":"Naples Med Spa","description":"","publisher":{"@id":"https:\/\/www.naples-csc.com\/medspa\/#organization"},"potentialAction":[{"@type":"SearchAction","target":{"@type":"EntryPoint","urlTemplate":"https:\/\/www.naples-csc.com\/medspa\/?s={search_term_string}"},"query-input":{"@type":"PropertyValueSpecification","valueRequired":true,"valueName":"search_term_string"}}],"inLanguage":"en-US"},{"@type":"Organization","@id":"https:\/\/www.naples-csc.com\/medspa\/#organization","name":"Naples Med Spa","url":"https:\/\/www.naples-csc.com\/medspa\/","logo":{"@type":"ImageObject","inLanguage":"en-US","@id":"https:\/\/www.naples-csc.com\/medspa\/#\/schema\/logo\/image\/","url":"https:\/\/www.naples-csc.com\/medspa\/wp-content\/uploads\/sites\/3\/2022\/12\/naples-logo.png","contentUrl":"https:\/\/www.naples-csc.com\/medspa\/wp-content\/uploads\/sites\/3\/2022\/12\/naples-logo.png","width":319,"height":100,"caption":"Naples Med Spa"},"image":{"@id":"https:\/\/www.naples-csc.com\/medspa\/#\/schema\/logo\/image\/"}}]}},"_links":{"self":[{"href":"https:\/\/www.naples-csc.com\/medspa\/wp-json\/wp\/v2\/pages\/329","targetHints":{"allow":["GET"]}}],"collection":[{"href":"https:\/\/www.naples-csc.com\/medspa\/wp-json\/wp\/v2\/pages"}],"about":[{"href":"https:\/\/www.naples-csc.com\/medspa\/wp-json\/wp\/v2\/types\/page"}],"author":[{"embeddable":true,"href":"https:\/\/www.naples-csc.com\/medspa\/wp-json\/wp\/v2\/users\/28"}],"replies":[{"embeddable":true,"href":"https:\/\/www.naples-csc.com\/medspa\/wp-json\/wp\/v2\/comments?post=329"}],"version-history":[{"count":0,"href":"https:\/\/www.naples-csc.com\/medspa\/wp-json\/wp\/v2\/pages\/329\/revisions"}],"wp:featuredmedia":[{"embeddable":true,"href":"https:\/\/www.naples-csc.com\/medspa\/wp-json\/wp\/v2\/media\/3195"}],"wp:attachment":[{"href":"https:\/\/www.naples-csc.com\/medspa\/wp-json\/wp\/v2\/media?parent=329"}],"curies":[{"name":"wp","href":"https:\/\/api.w.org\/{rel}","templated":true}]}}